{"id":369,"date":"2020-01-23T02:17:21","date_gmt":"2020-01-22T23:17:21","guid":{"rendered":"https:\/\/www.erkasis.com?page_id=369"},"modified":"2020-01-23T02:58:35","modified_gmt":"2020-01-22T23:58:35","slug":"%d0%b2%d1%8b%d0%bf%d0%be%d0%bb%d0%bd%d0%b5%d0%bd%d0%bd%d1%8b%d0%b5-%d1%80%d0%b0%d0%b1%d0%be%d1%82%d1%8b-%d1%80%d0%b5%d0%ba%d0%be%d0%bc%d0%b5%d0%bd%d0%b4%d0%b0%d1%86%d0%b8%d0%b8","status":"publish","type":"page","link":"https:\/\/www.erkasis.com\/ru\/%d0%b2%d1%8b%d0%bf%d0%be%d0%bb%d0%bd%d0%b5%d0%bd%d0%bd%d1%8b%d0%b5-%d1%80%d0%b0%d0%b1%d0%be%d1%82%d1%8b-%d1%80%d0%b5%d0%ba%d0%be%d0%bc%d0%b5%d0%bd%d0%b4%d0%b0%d1%86%d0%b8%d0%b8","title":{"rendered":"\u0412\u042b\u041f\u041e\u041b\u041d\u0415\u041d\u041d\u042b\u0415 \u0420\u0410\u0411\u041e\u0422\u042b\/ \u0420\u0415\u041a\u041e\u041c\u0415\u041d\u0414\u0410\u0426\u0418\u0418"},"content":{"rendered":"","protected":false},"excerpt":{"rendered":"","protected":false},"author":101783,"featured_media":0,"parent":0,"menu_order":0,"comment_status":"closed","ping_status":"closed","template":"","meta":[],"yoast_head":"<!-- This site is optimized with the Yoast SEO plugin v14.9 - https:\/\/yoast.com\/wordpress\/plugins\/seo\/ -->\n<title>\u0412\u042b\u041f\u041e\u041b\u041d\u0415\u041d\u041d\u042b\u0415 \u0420\u0410\u0411\u041e\u0422\u042b\/ \u0420\u0415\u041a\u041e\u041c\u0415\u041d\u0414\u0410\u0426\u0418\u0418 - ERKAS\u0130S | So\u011futma - Is\u0131tma Sistemleri<\/title>\n<meta name=\"robots\" content=\"index, follow, max-snippet:-1, max-image-preview:large, max-video-preview:-1\" \/>\n<link rel=\"canonical\" href=\"https:\/\/www.erkasis.com\/ru\/\u0432\u044b\u043f\u043e\u043b\u043d\u0435\u043d\u043d\u044b\u0435-\u0440\u0430\u0431\u043e\u0442\u044b-\u0440\u0435\u043a\u043e\u043c\u0435\u043d\u0434\u0430\u0446\u0438\u0438\" \/>\n<meta property=\"og:locale\" content=\"ru_RU\" \/>\n<meta property=\"og:type\" content=\"article\" \/>\n<meta property=\"og:title\" content=\"\u0412\u042b\u041f\u041e\u041b\u041d\u0415\u041d\u041d\u042b\u0415 \u0420\u0410\u0411\u041e\u0422\u042b\/ \u0420\u0415\u041a\u041e\u041c\u0415\u041d\u0414\u0410\u0426\u0418\u0418 - ERKAS\u0130S | So\u011futma - Is\u0131tma Sistemleri\" \/>\n<meta property=\"og:url\" content=\"https:\/\/www.erkasis.com\/ru\/\u0432\u044b\u043f\u043e\u043b\u043d\u0435\u043d\u043d\u044b\u0435-\u0440\u0430\u0431\u043e\u0442\u044b-\u0440\u0435\u043a\u043e\u043c\u0435\u043d\u0434\u0430\u0446\u0438\u0438\" \/>\n<meta property=\"og:site_name\" content=\"ERKAS\u0130S | So\u011futma - Is\u0131tma Sistemleri\" \/>\n<meta property=\"article:publisher\" content=\"https:\/\/www.facebook.com\/people\/Erkasis-So%c4%9futma-M%c3%bchendislik-A%c5%9e\/61583178521034\/\" \/>\n<meta property=\"article:modified_time\" content=\"2020-01-22T23:58:35+00:00\" \/>\n<meta name=\"twitter:card\" content=\"summary_large_image\" \/>\n<script type=\"application\/ld+json\" class=\"yoast-schema-graph\">{\"@context\":\"https:\/\/schema.org\",\"@graph\":[{\"@type\":\"Organization\",\"@id\":\"https:\/\/www.erkasis.com\/ru\/#organization\",\"name\":\"ERKAS\\u0130S M\\u00fchendislik So\\u011futma San. Tic. A.\\u015e.\",\"url\":\"https:\/\/www.erkasis.com\/ru\/\",\"sameAs\":[\"https:\/\/www.facebook.com\/people\/Erkasis-So\\u011futma-M\\u00fchendislik-A\\u015e\/61583178521034\/\",\"https:\/\/www.instagram.com\/erkasis\/\",\"https:\/\/www.linkedin.com\/company\/erkasis-enginnering-refrigeration\"],\"logo\":{\"@type\":\"ImageObject\",\"@id\":\"https:\/\/www.erkasis.com\/ru\/#logo\",\"inLanguage\":\"ru-RU\",\"url\":\"\",\"caption\":\"ERKAS\\u0130S M\\u00fchendislik So\\u011futma San. Tic. A.\\u015e.\"},\"image\":{\"@id\":\"https:\/\/www.erkasis.com\/ru\/#logo\"}},{\"@type\":\"WebSite\",\"@id\":\"https:\/\/www.erkasis.com\/ru\/#website\",\"url\":\"https:\/\/www.erkasis.com\/ru\/\",\"name\":\"ERKAS\\u0130S | So\\u011futma - Is\\u0131tma Sistemleri\",\"description\":\"So\\u011futma, Is\\u0131tma ve \\u0130klimlendirme sistemlerinde profesyonel \\u00e7\\u00f6z\\u00fcmler\",\"publisher\":{\"@id\":\"https:\/\/www.erkasis.com\/ru\/#organization\"},\"potentialAction\":[{\"@type\":\"SearchAction\",\"target\":\"https:\/\/www.erkasis.com\/ru\/?s={search_term_string}\",\"query-input\":\"required name=search_term_string\"}],\"inLanguage\":\"ru-RU\"},{\"@type\":\"WebPage\",\"@id\":\"https:\/\/www.erkasis.com\/ru\/%d0%b2%d1%8b%d0%bf%d0%be%d0%bb%d0%bd%d0%b5%d0%bd%d0%bd%d1%8b%d0%b5-%d1%80%d0%b0%d0%b1%d0%be%d1%82%d1%8b-%d1%80%d0%b5%d0%ba%d0%be%d0%bc%d0%b5%d0%bd%d0%b4%d0%b0%d1%86%d0%b8%d0%b8#webpage\",\"url\":\"https:\/\/www.erkasis.com\/ru\/%d0%b2%d1%8b%d0%bf%d0%be%d0%bb%d0%bd%d0%b5%d0%bd%d0%bd%d1%8b%d0%b5-%d1%80%d0%b0%d0%b1%d0%be%d1%82%d1%8b-%d1%80%d0%b5%d0%ba%d0%be%d0%bc%d0%b5%d0%bd%d0%b4%d0%b0%d1%86%d0%b8%d0%b8\",\"name\":\"\\u0412\\u042b\\u041f\\u041e\\u041b\\u041d\\u0415\\u041d\\u041d\\u042b\\u0415 \\u0420\\u0410\\u0411\\u041e\\u0422\\u042b\/ \\u0420\\u0415\\u041a\\u041e\\u041c\\u0415\\u041d\\u0414\\u0410\\u0426\\u0418\\u0418 - ERKAS\\u0130S | So\\u011futma - Is\\u0131tma Sistemleri\",\"isPartOf\":{\"@id\":\"https:\/\/www.erkasis.com\/ru\/#website\"},\"datePublished\":\"2020-01-22T23:17:21+00:00\",\"dateModified\":\"2020-01-22T23:58:35+00:00\",\"inLanguage\":\"ru-RU\",\"potentialAction\":[{\"@type\":\"ReadAction\",\"target\":[\"https:\/\/www.erkasis.com\/ru\/%d0%b2%d1%8b%d0%bf%d0%be%d0%bb%d0%bd%d0%b5%d0%bd%d0%bd%d1%8b%d0%b5-%d1%80%d0%b0%d0%b1%d0%be%d1%82%d1%8b-%d1%80%d0%b5%d0%ba%d0%be%d0%bc%d0%b5%d0%bd%d0%b4%d0%b0%d1%86%d0%b8%d0%b8\"]}]}]}<\/script>\n<!-- \/ Yoast SEO plugin. -->","_links":{"self":[{"href":"https:\/\/www.erkasis.com\/ru\/wp-json\/wp\/v2\/pages\/369"}],"collection":[{"href":"https:\/\/www.erkasis.com\/ru\/wp-json\/wp\/v2\/pages"}],"about":[{"href":"https:\/\/www.erkasis.com\/ru\/wp-json\/wp\/v2\/types\/page"}],"author":[{"embeddable":true,"href":"https:\/\/www.erkasis.com\/ru\/wp-json\/wp\/v2\/users\/101783"}],"replies":[{"embeddable":true,"href":"https:\/\/www.erkasis.com\/ru\/wp-json\/wp\/v2\/comments?post=369"}],"version-history":[{"count":1,"href":"https:\/\/www.erkasis.com\/ru\/wp-json\/wp\/v2\/pages\/369\/revisions"}],"predecessor-version":[{"id":372,"href":"https:\/\/www.erkasis.com\/ru\/wp-json\/wp\/v2\/pages\/369\/revisions\/372"}],"wp:attachment":[{"href":"https:\/\/www.erkasis.com\/ru\/wp-json\/wp\/v2\/media?parent=369"}],"curies":[{"name":"wp","href":"https:\/\/api.w.org\/{rel}","templated":true}]}}