{"id":97,"date":"2019-09-18T10:43:34","date_gmt":"2019-09-18T07:43:34","guid":{"rendered":"https:\/\/www.erkasis.com\/anasayfa"},"modified":"2021-08-16T16:15:29","modified_gmt":"2021-08-16T13:15:29","slug":"anasayfa","status":"publish","type":"page","link":"https:\/\/www.erkasis.com\/en","title":{"rendered":"Home"},"content":{"rendered":"","protected":false},"excerpt":{"rendered":"","protected":false},"author":101783,"featured_media":0,"parent":0,"menu_order":0,"comment_status":"closed","ping_status":"closed","template":"","meta":[],"yoast_head":"<!-- This site is optimized with the Yoast SEO plugin v14.9 - https:\/\/yoast.com\/wordpress\/plugins\/seo\/ -->\n<title>ERKAS\u0130S Engineering Refrigeration Co. | +90 212 258 24 76<\/title>\n<meta name=\"description\" content=\"We are the EPC company offers industrial cooling and automation solutions.Freon,Ammonia,CO2 Cascade Cooling Plants\/Cold and Shock Rooms\/IQF\/IceMachine\/HVAC\/IceRink\" \/>\n<meta name=\"robots\" content=\"index, follow, max-snippet:-1, max-image-preview:large, max-video-preview:-1\" \/>\n<link rel=\"canonical\" href=\"https:\/\/www.erkasis.com\/en\" \/>\n<meta property=\"og:locale\" content=\"en_US\" \/>\n<meta property=\"og:type\" content=\"article\" \/>\n<meta property=\"og:title\" content=\"ERKAS\u0130S Engineering Refrigeration Co. | +90 212 258 24 76\" \/>\n<meta property=\"og:description\" content=\"We are the EPC company offers industrial cooling and automation solutions.Freon,Ammonia,CO2 Cascade Cooling Plants\/Cold and Shock Rooms\/IQF\/IceMachine\/HVAC\/IceRink\" \/>\n<meta property=\"og:url\" content=\"https:\/\/www.erkasis.com\/en\" \/>\n<meta property=\"og:site_name\" content=\"ERKAS\u0130S | So\u011futma - Is\u0131tma Sistemleri\" \/>\n<meta property=\"article:publisher\" content=\"https:\/\/www.facebook.com\/profile.php?id=61583178521034\" \/>\n<meta property=\"article:modified_time\" content=\"2021-08-16T13:15:29+00:00\" \/>\n<meta name=\"twitter:card\" content=\"summary_large_image\" \/>\n<script type=\"application\/ld+json\" class=\"yoast-schema-graph\">{\"@context\":\"https:\/\/schema.org\",\"@graph\":[{\"@type\":\"Organization\",\"@id\":\"https:\/\/www.erkasis.com\/en\/#organization\",\"name\":\"ERKAS\\u0130S M\\u00fchendislik So\\u011futma San. Tic. A.\\u015e.\",\"url\":\"https:\/\/www.erkasis.com\/en\/\",\"sameAs\":[\"https:\/\/www.facebook.com\/profile.php?id=61583178521034\",\"https:\/\/www.instagram.com\/erkasis\/\",\"https:\/\/tr.linkedin.com\/company\/erkasis-enginnering-refrigeration\"],\"logo\":{\"@type\":\"ImageObject\",\"@id\":\"https:\/\/www.erkasis.com\/en\/#logo\",\"inLanguage\":\"en-US\",\"url\":\"\",\"caption\":\"ERKAS\\u0130S M\\u00fchendislik So\\u011futma San. Tic. A.\\u015e.\"},\"image\":{\"@id\":\"https:\/\/www.erkasis.com\/en\/#logo\"}},{\"@type\":\"WebSite\",\"@id\":\"https:\/\/www.erkasis.com\/en\/#website\",\"url\":\"https:\/\/www.erkasis.com\/en\/\",\"name\":\"ERKAS\\u0130S | So\\u011futma - Is\\u0131tma Sistemleri\",\"description\":\"So\\u011futma, Is\\u0131tma ve \\u0130klimlendirme sistemlerinde profesyonel \\u00e7\\u00f6z\\u00fcmler\",\"publisher\":{\"@id\":\"https:\/\/www.erkasis.com\/en\/#organization\"},\"potentialAction\":[{\"@type\":\"SearchAction\",\"target\":\"https:\/\/www.erkasis.com\/en\/?s={search_term_string}\",\"query-input\":\"required name=search_term_string\"}],\"inLanguage\":\"en-US\"},{\"@type\":\"WebPage\",\"@id\":\"https:\/\/www.erkasis.com\/en#webpage\",\"url\":\"https:\/\/www.erkasis.com\/en\",\"name\":\"ERKAS\\u0130S Engineering Refrigeration Co. | +90 212 258 24 76\",\"isPartOf\":{\"@id\":\"https:\/\/www.erkasis.com\/en\/#website\"},\"datePublished\":\"2019-09-18T07:43:34+00:00\",\"dateModified\":\"2021-08-16T13:15:29+00:00\",\"description\":\"We are the EPC company offers industrial cooling and automation solutions.Freon,Ammonia,CO2 Cascade Cooling Plants\/Cold and Shock Rooms\/IQF\/IceMachine\/HVAC\/IceRink\",\"inLanguage\":\"en-US\",\"potentialAction\":[{\"@type\":\"ReadAction\",\"target\":[\"https:\/\/www.erkasis.com\/en\"]}]}]}<\/script>\n<!-- \/ Yoast SEO plugin. -->","_links":{"self":[{"href":"https:\/\/www.erkasis.com\/en\/wp-json\/wp\/v2\/pages\/97"}],"collection":[{"href":"https:\/\/www.erkasis.com\/en\/wp-json\/wp\/v2\/pages"}],"about":[{"href":"https:\/\/www.erkasis.com\/en\/wp-json\/wp\/v2\/types\/page"}],"author":[{"embeddable":true,"href":"https:\/\/www.erkasis.com\/en\/wp-json\/wp\/v2\/users\/101783"}],"replies":[{"embeddable":true,"href":"https:\/\/www.erkasis.com\/en\/wp-json\/wp\/v2\/comments?post=97"}],"version-history":[{"count":1,"href":"https:\/\/www.erkasis.com\/en\/wp-json\/wp\/v2\/pages\/97\/revisions"}],"predecessor-version":[{"id":105,"href":"https:\/\/www.erkasis.com\/en\/wp-json\/wp\/v2\/pages\/97\/revisions\/105"}],"wp:attachment":[{"href":"https:\/\/www.erkasis.com\/en\/wp-json\/wp\/v2\/media?parent=97"}],"curies":[{"name":"wp","href":"https:\/\/api.w.org\/{rel}","templated":true}]}}