{"id":511,"date":"2020-09-24T15:13:08","date_gmt":"2020-09-24T12:13:08","guid":{"rendered":"https:\/\/www.erkasis.com?page_id=511"},"modified":"2020-09-24T15:26:47","modified_gmt":"2020-09-24T12:26:47","slug":"quality-policies","status":"publish","type":"page","link":"https:\/\/www.erkasis.com\/en\/corporate\/quality-policies","title":{"rendered":"Quality Policies"},"content":{"rendered":"","protected":false},"excerpt":{"rendered":"","protected":false},"author":132729,"featured_media":0,"parent":106,"menu_order":0,"comment_status":"closed","ping_status":"closed","template":"","meta":[],"yoast_head":"<!-- This site is optimized with the Yoast SEO plugin v14.9 - https:\/\/yoast.com\/wordpress\/plugins\/seo\/ -->\n<title>Quality Policies - ERKAS\u0130S | So\u011futma - Is\u0131tma Sistemleri<\/title>\n<meta name=\"robots\" content=\"index, follow, max-snippet:-1, max-image-preview:large, max-video-preview:-1\" \/>\n<link rel=\"canonical\" href=\"https:\/\/www.erkasis.com\/en\/corporate\/quality-policies\" \/>\n<meta property=\"og:locale\" content=\"en_US\" \/>\n<meta property=\"og:type\" content=\"article\" \/>\n<meta property=\"og:title\" content=\"Quality Policies - ERKAS\u0130S | So\u011futma - Is\u0131tma Sistemleri\" \/>\n<meta property=\"og:url\" content=\"https:\/\/www.erkasis.com\/en\/corporate\/quality-policies\" \/>\n<meta property=\"og:site_name\" content=\"ERKAS\u0130S | So\u011futma - Is\u0131tma Sistemleri\" \/>\n<meta property=\"article:publisher\" content=\"https:\/\/www.facebook.com\/people\/Erkasis-So%c4%9futma-M%c3%bchendislik-A%c5%9e\/61583178521034\/\" \/>\n<meta property=\"article:modified_time\" content=\"2020-09-24T12:26:47+00:00\" \/>\n<meta name=\"twitter:card\" content=\"summary_large_image\" \/>\n<script type=\"application\/ld+json\" class=\"yoast-schema-graph\">{\"@context\":\"https:\/\/schema.org\",\"@graph\":[{\"@type\":\"Organization\",\"@id\":\"https:\/\/www.erkasis.com\/en\/#organization\",\"name\":\"ERKAS\\u0130S M\\u00fchendislik So\\u011futma San. Tic. A.\\u015e.\",\"url\":\"https:\/\/www.erkasis.com\/en\/\",\"sameAs\":[\"https:\/\/www.facebook.com\/people\/Erkasis-So\\u011futma-M\\u00fchendislik-A\\u015e\/61583178521034\/\",\"https:\/\/www.instagram.com\/erkasis\/\",\"https:\/\/www.linkedin.com\/company\/erkasis-enginnering-refrigeration\"],\"logo\":{\"@type\":\"ImageObject\",\"@id\":\"https:\/\/www.erkasis.com\/en\/#logo\",\"inLanguage\":\"en-US\",\"url\":\"\",\"caption\":\"ERKAS\\u0130S M\\u00fchendislik So\\u011futma San. Tic. A.\\u015e.\"},\"image\":{\"@id\":\"https:\/\/www.erkasis.com\/en\/#logo\"}},{\"@type\":\"WebSite\",\"@id\":\"https:\/\/www.erkasis.com\/en\/#website\",\"url\":\"https:\/\/www.erkasis.com\/en\/\",\"name\":\"ERKAS\\u0130S | So\\u011futma - Is\\u0131tma Sistemleri\",\"description\":\"So\\u011futma, Is\\u0131tma ve \\u0130klimlendirme sistemlerinde profesyonel \\u00e7\\u00f6z\\u00fcmler\",\"publisher\":{\"@id\":\"https:\/\/www.erkasis.com\/en\/#organization\"},\"potentialAction\":[{\"@type\":\"SearchAction\",\"target\":\"https:\/\/www.erkasis.com\/en\/?s={search_term_string}\",\"query-input\":\"required name=search_term_string\"}],\"inLanguage\":\"en-US\"},{\"@type\":\"WebPage\",\"@id\":\"https:\/\/www.erkasis.com\/en\/corporate\/quality-policies#webpage\",\"url\":\"https:\/\/www.erkasis.com\/en\/corporate\/quality-policies\",\"name\":\"Quality Policies - ERKAS\\u0130S | So\\u011futma - Is\\u0131tma Sistemleri\",\"isPartOf\":{\"@id\":\"https:\/\/www.erkasis.com\/en\/#website\"},\"datePublished\":\"2020-09-24T12:13:08+00:00\",\"dateModified\":\"2020-09-24T12:26:47+00:00\",\"inLanguage\":\"en-US\",\"potentialAction\":[{\"@type\":\"ReadAction\",\"target\":[\"https:\/\/www.erkasis.com\/en\/corporate\/quality-policies\"]}]}]}<\/script>\n<!-- \/ Yoast SEO plugin. -->","_links":{"self":[{"href":"https:\/\/www.erkasis.com\/en\/wp-json\/wp\/v2\/pages\/511"}],"collection":[{"href":"https:\/\/www.erkasis.com\/en\/wp-json\/wp\/v2\/pages"}],"about":[{"href":"https:\/\/www.erkasis.com\/en\/wp-json\/wp\/v2\/types\/page"}],"author":[{"embeddable":true,"href":"https:\/\/www.erkasis.com\/en\/wp-json\/wp\/v2\/users\/132729"}],"replies":[{"embeddable":true,"href":"https:\/\/www.erkasis.com\/en\/wp-json\/wp\/v2\/comments?post=511"}],"version-history":[{"count":0,"href":"https:\/\/www.erkasis.com\/en\/wp-json\/wp\/v2\/pages\/511\/revisions"}],"up":[{"embeddable":true,"href":"https:\/\/www.erkasis.com\/en\/wp-json\/wp\/v2\/pages\/106"}],"wp:attachment":[{"href":"https:\/\/www.erkasis.com\/en\/wp-json\/wp\/v2\/media?parent=511"}],"curies":[{"name":"wp","href":"https:\/\/api.w.org\/{rel}","templated":true}]}}