{"id":216,"date":"2019-10-07T03:15:35","date_gmt":"2019-10-07T00:15:35","guid":{"rendered":"https:\/\/www.erkasis.com?page_id=216"},"modified":"2019-10-10T00:02:04","modified_gmt":"2019-10-09T21:02:04","slug":"solutions","status":"publish","type":"page","link":"https:\/\/www.erkasis.com\/en\/solutions","title":{"rendered":"Solutions"},"content":{"rendered":"","protected":false},"excerpt":{"rendered":"","protected":false},"author":101783,"featured_media":0,"parent":0,"menu_order":0,"comment_status":"closed","ping_status":"closed","template":"","meta":[],"yoast_head":"<!-- This site is optimized with the Yoast SEO plugin v14.9 - https:\/\/yoast.com\/wordpress\/plugins\/seo\/ -->\n<title>Solutions - ERKAS\u0130S | So\u011futma - Is\u0131tma Sistemleri<\/title>\n<meta name=\"robots\" content=\"index, follow, max-snippet:-1, max-image-preview:large, max-video-preview:-1\" \/>\n<link rel=\"canonical\" href=\"https:\/\/www.erkasis.com\/en\/solutions\" \/>\n<meta property=\"og:locale\" content=\"en_US\" \/>\n<meta property=\"og:type\" content=\"article\" \/>\n<meta property=\"og:title\" content=\"Solutions - ERKAS\u0130S | So\u011futma - Is\u0131tma Sistemleri\" \/>\n<meta property=\"og:url\" content=\"https:\/\/www.erkasis.com\/en\/solutions\" \/>\n<meta property=\"og:site_name\" content=\"ERKAS\u0130S | So\u011futma - Is\u0131tma Sistemleri\" \/>\n<meta property=\"article:publisher\" content=\"https:\/\/www.facebook.com\/profile.php?id=61583178521034\" \/>\n<meta property=\"article:modified_time\" content=\"2019-10-09T21:02:04+00:00\" \/>\n<meta name=\"twitter:card\" content=\"summary_large_image\" \/>\n<script type=\"application\/ld+json\" class=\"yoast-schema-graph\">{\"@context\":\"https:\/\/schema.org\",\"@graph\":[{\"@type\":\"Organization\",\"@id\":\"https:\/\/www.erkasis.com\/en\/#organization\",\"name\":\"ERKAS\\u0130S M\\u00fchendislik So\\u011futma San. Tic. A.\\u015e.\",\"url\":\"https:\/\/www.erkasis.com\/en\/\",\"sameAs\":[\"https:\/\/www.facebook.com\/profile.php?id=61583178521034\",\"https:\/\/www.instagram.com\/erkasis\/\",\"https:\/\/tr.linkedin.com\/company\/erkasis-enginnering-refrigeration\"],\"logo\":{\"@type\":\"ImageObject\",\"@id\":\"https:\/\/www.erkasis.com\/en\/#logo\",\"inLanguage\":\"en-US\",\"url\":\"\",\"caption\":\"ERKAS\\u0130S M\\u00fchendislik So\\u011futma San. Tic. A.\\u015e.\"},\"image\":{\"@id\":\"https:\/\/www.erkasis.com\/en\/#logo\"}},{\"@type\":\"WebSite\",\"@id\":\"https:\/\/www.erkasis.com\/en\/#website\",\"url\":\"https:\/\/www.erkasis.com\/en\/\",\"name\":\"ERKAS\\u0130S | So\\u011futma - Is\\u0131tma Sistemleri\",\"description\":\"So\\u011futma, Is\\u0131tma ve \\u0130klimlendirme sistemlerinde profesyonel \\u00e7\\u00f6z\\u00fcmler\",\"publisher\":{\"@id\":\"https:\/\/www.erkasis.com\/en\/#organization\"},\"potentialAction\":[{\"@type\":\"SearchAction\",\"target\":\"https:\/\/www.erkasis.com\/en\/?s={search_term_string}\",\"query-input\":\"required name=search_term_string\"}],\"inLanguage\":\"en-US\"},{\"@type\":\"WebPage\",\"@id\":\"https:\/\/www.erkasis.com\/en\/solutions#webpage\",\"url\":\"https:\/\/www.erkasis.com\/en\/solutions\",\"name\":\"Solutions - ERKAS\\u0130S | So\\u011futma - Is\\u0131tma Sistemleri\",\"isPartOf\":{\"@id\":\"https:\/\/www.erkasis.com\/en\/#website\"},\"datePublished\":\"2019-10-07T00:15:35+00:00\",\"dateModified\":\"2019-10-09T21:02:04+00:00\",\"inLanguage\":\"en-US\",\"potentialAction\":[{\"@type\":\"ReadAction\",\"target\":[\"https:\/\/www.erkasis.com\/en\/solutions\"]}]}]}<\/script>\n<!-- \/ Yoast SEO plugin. -->","_links":{"self":[{"href":"https:\/\/www.erkasis.com\/en\/wp-json\/wp\/v2\/pages\/216"}],"collection":[{"href":"https:\/\/www.erkasis.com\/en\/wp-json\/wp\/v2\/pages"}],"about":[{"href":"https:\/\/www.erkasis.com\/en\/wp-json\/wp\/v2\/types\/page"}],"author":[{"embeddable":true,"href":"https:\/\/www.erkasis.com\/en\/wp-json\/wp\/v2\/users\/101783"}],"replies":[{"embeddable":true,"href":"https:\/\/www.erkasis.com\/en\/wp-json\/wp\/v2\/comments?post=216"}],"version-history":[{"count":1,"href":"https:\/\/www.erkasis.com\/en\/wp-json\/wp\/v2\/pages\/216\/revisions"}],"predecessor-version":[{"id":217,"href":"https:\/\/www.erkasis.com\/en\/wp-json\/wp\/v2\/pages\/216\/revisions\/217"}],"wp:attachment":[{"href":"https:\/\/www.erkasis.com\/en\/wp-json\/wp\/v2\/media?parent=216"}],"curies":[{"name":"wp","href":"https:\/\/api.w.org\/{rel}","templated":true}]}}